{"id":72,"date":"2016-11-23T02:40:22","date_gmt":"2016-11-23T02:40:22","guid":{"rendered":"http:\/\/pasosegurocs.com\/?page_id=72"},"modified":"2022-08-10T20:09:15","modified_gmt":"2022-08-10T20:09:15","slug":"seguros-de-ultimos-gastos","status":"publish","type":"page","link":"https:\/\/pasosegurocs.com\/?page_id=72","title":{"rendered":"\u00daltimos Gastos"},"content":{"rendered":"<body>\t\t<div data-elementor-type=\"wp-page\" data-elementor-id=\"72\" class=\"elementor elementor-72\">\n\t\t\t\t\t\t<section class=\"elementor-section elementor-top-section elementor-element elementor-element-32975d14 elementor-section-stretched elementor-section-boxed elementor-section-height-default elementor-section-height-default\" data-id=\"32975d14\" data-element_type=\"section\" data-e-type=\"section\" data-settings='{\"stretch_section\":\"section-stretched\"}'>\n\t\t\t\t\t\t<div class=\"elementor-container elementor-column-gap-default\">\n\t\t\t\t\t<div class=\"elementor-column elementor-col-100 elementor-top-column elementor-element elementor-element-74eb3da9\" data-id=\"74eb3da9\" data-element_type=\"column\" data-e-type=\"column\">\n\t\t\t<div class=\"elementor-widget-wrap elementor-element-populated\">\n\t\t\t\t\t\t<div class=\"elementor-element elementor-element-1a7a6a98 elementor-widget elementor-widget-text-editor\" data-id=\"1a7a6a98\" data-element_type=\"widget\" data-e-type=\"widget\" data-widget_type=\"text-editor.default\">\n\t\t\t\t<div class=\"elementor-widget-container\">\n\t\t\t\t\t\t\t\t\t<p><span style=\"color: var(--sydney-text-color); font-size: 12pt; font-family: helvetica, arial, sans-serif; text-align: justify;\">E<\/span><span style=\"color: var(--sydney-text-color); font-family: helvetica, arial, sans-serif; text-align: justify;\">ste tipo de p\u00f3liza se encarga de realizar toda la gesti\u00f3n relacionada a los tr\u00e1mites que implica llevar a\u00a0un ser querido\u00a0a su \u00faltima morada.<\/span><\/p>\t\t\t\t\t\t\t\t<\/div>\n\t\t\t\t<\/div>\n\t\t\t\t\t<\/div>\n\t\t<\/div>\n\t\t\t\t\t<\/div>\n\t\t<\/section>\n\t\t\t\t<\/div>\n\t\t<\/body>","protected":false},"excerpt":{"rendered":"<p>Este tipo de p\u00f3liza se encarga de realizar toda la gesti\u00f3n relacionada a los tr\u00e1mites que implica llevar a\u00a0un ser querido\u00a0a su [&hellip;]<\/p>\n","protected":false},"author":1,"featured_media":0,"parent":0,"menu_order":0,"comment_status":"closed","ping_status":"closed","template":"","meta":{"footnotes":""},"class_list":["post-72","page","type-page","status-publish","hentry"],"_links":{"self":[{"href":"https:\/\/pasosegurocs.com\/index.php?rest_route=\/wp\/v2\/pages\/72","targetHints":{"allow":["GET"]}}],"collection":[{"href":"https:\/\/pasosegurocs.com\/index.php?rest_route=\/wp\/v2\/pages"}],"about":[{"href":"https:\/\/pasosegurocs.com\/index.php?rest_route=\/wp\/v2\/types\/page"}],"author":[{"embeddable":true,"href":"https:\/\/pasosegurocs.com\/index.php?rest_route=\/wp\/v2\/users\/1"}],"replies":[{"embeddable":true,"href":"https:\/\/pasosegurocs.com\/index.php?rest_route=%2Fwp%2Fv2%2Fcomments&post=72"}],"version-history":[{"count":5,"href":"https:\/\/pasosegurocs.com\/index.php?rest_route=\/wp\/v2\/pages\/72\/revisions"}],"predecessor-version":[{"id":767,"href":"https:\/\/pasosegurocs.com\/index.php?rest_route=\/wp\/v2\/pages\/72\/revisions\/767"}],"wp:attachment":[{"href":"https:\/\/pasosegurocs.com\/index.php?rest_route=%2Fwp%2Fv2%2Fmedia&parent=72"}],"curies":[{"name":"wp","href":"https:\/\/api.w.org\/{rel}","templated":true}]}}