{"id":58,"date":"2016-11-23T02:36:39","date_gmt":"2016-11-23T02:36:39","guid":{"rendered":"http:\/\/pasosegurocs.com\/?page_id=58"},"modified":"2022-08-10T20:14:45","modified_gmt":"2022-08-10T20:14:45","slug":"seguros-contra-incendio","status":"publish","type":"page","link":"https:\/\/pasosegurocs.com\/?page_id=58","title":{"rendered":"Incendio y Aliados Pyme"},"content":{"rendered":"<body>\t\t<div data-elementor-type=\"wp-page\" data-elementor-id=\"58\" class=\"elementor elementor-58\">\n\t\t\t\t\t\t<section class=\"elementor-section elementor-top-section elementor-element elementor-element-19c5c317 elementor-section-stretched elementor-section-boxed elementor-section-height-default elementor-section-height-default\" data-id=\"19c5c317\" data-element_type=\"section\" data-e-type=\"section\" data-settings='{\"stretch_section\":\"section-stretched\"}'>\n\t\t\t\t\t\t<div class=\"elementor-container elementor-column-gap-default\">\n\t\t\t\t\t<div class=\"elementor-column elementor-col-100 elementor-top-column elementor-element elementor-element-2a4289d9\" data-id=\"2a4289d9\" data-element_type=\"column\" data-e-type=\"column\">\n\t\t\t<div class=\"elementor-widget-wrap elementor-element-populated\">\n\t\t\t\t\t\t<div class=\"elementor-element elementor-element-753fbc31 elementor-widget elementor-widget-text-editor\" data-id=\"753fbc31\" data-element_type=\"widget\" data-e-type=\"widget\" data-widget_type=\"text-editor.default\">\n\t\t\t\t<div class=\"elementor-widget-container\">\n\t\t\t\t\t\t\t\t\t<p style=\"text-align: justify;\"><span style=\"font-family: helvetica, arial, sans-serif; font-size: 12pt; color: #333333;\">En el seguro contra incendios el asegurador se obliga, dentro de los l\u00edmites establecidos en la ley y en la p\u00f3liza, a indemnizar los da\u00f1os producidos por incendios en el objeto asegurado, definiendo la Ley como incendio el abrasamiento con llama capaz de propagarse, de un objeto u objetos que no estaban destinados a ser quemados en el lugar y en el momento en que se produce.<\/span><\/p>\n\n<table border=\"0\" width=\"100%\" cellspacing=\"0\" cellpadding=\"0\">\n<tbody>\n<tr>\n<td id=\"MSOZoneCell_WebPartWPQ4\" class=\"s4-wpcell-plain\" valign=\"top\">\n<table class=\"s4-wpTopTable\" border=\"0\" width=\"100%\" cellspacing=\"0\" cellpadding=\"0\">\n<tbody>\n<tr style=\"height: 555px;\">\n<td style=\"width: 817px; height: 555px;\" valign=\"top\">\n<div id=\"WebPartWPQ4\" class=\"ms-WPBody\">\n\n<span style=\"font-family: helvetica, arial, sans-serif; font-size: 12pt; color: #333333;\"><em>Las coberturas adicionales para Incendio y L\u00edneas Aliadas son las siguientes:<\/em><\/span>\n<ul>\n \t<li><span style=\"font-family: helvetica, arial, sans-serif; font-size: 12pt; color: #333333;\">Robo con escalamiento y\/o violencia.<\/span><\/li>\n \t<li><span style=\"font-family: helvetica, arial, sans-serif; font-size: 12pt; color: #333333;\">Terremoto y\/o temblor.<\/span><\/li>\n \t<li><span style=\"font-family: helvetica, arial, sans-serif; font-size: 12pt; color: #333333;\">Hurac\u00e1n, cicl\u00f3n, tornado y manga de viento.<\/span><\/li>\n \t<li><span style=\"font-family: helvetica, arial, sans-serif; font-size: 12pt; color: #333333;\">Da\u00f1os por agua de lluvia a consecuencia de hurac\u00e1n, cicl\u00f3n.<\/span><\/li>\n \t<li><span style=\"font-family: helvetica, arial, sans-serif; font-size: 12pt; color: #333333;\">Da\u00f1os por agua accidental.<\/span><\/li>\n \t<li><span style=\"font-family: helvetica, arial, sans-serif; font-size: 12pt; color: #333333;\">Inundaci\u00f3n y\/o ras de mar.<\/span><\/li>\n \t<li><span style=\"font-family: helvetica, arial, sans-serif; font-size: 12pt; color: #333333;\">Explosi\u00f3n.<\/span><\/li>\n \t<li><span style=\"font-family: helvetica, arial, sans-serif; font-size: 12pt; color: #333333;\">Da\u00f1os por naves a\u00e9reas y veh\u00edculos terrestres.<\/span><\/li>\n \t<li><span style=\"font-family: helvetica, arial, sans-serif; font-size: 12pt; color: #333333;\">Da\u00f1os por humo.<\/span><\/li>\n \t<li><span style=\"font-family: helvetica, arial, sans-serif; font-size: 12pt; color: #333333;\">Colapso y\/o derrumbe de estructuras, tanques, silos, etc.<\/span><\/li>\n \t<li><span style=\"font-family: helvetica, arial, sans-serif; font-size: 12pt; color: #333333;\">Derrumbe de estibas.<\/span><\/li>\n \t<li><span style=\"font-family: helvetica, arial, sans-serif; font-size: 12pt; color: #333333;\">Combusti\u00f3n espont\u00e1nea.<\/span><\/li>\n \t<li><span style=\"font-family: helvetica, arial, sans-serif; font-size: 12pt; color: #333333;\">Granizo.<\/span><\/li>\n \t<li><span style=\"font-family: helvetica, arial, sans-serif; font-size: 12pt; color: #333333;\">P\u00e9rdidas indirectas.<\/span><\/li>\n \t<li><span style=\"font-family: helvetica, arial, sans-serif; font-size: 12pt; color: #333333;\">Mercanc\u00edas en tr\u00e1nsito.<\/span><\/li>\n \t<li><span style=\"font-family: helvetica, arial, sans-serif; font-size: 12pt; color: #333333;\">Remoci\u00f3n de escombros.<\/span><\/li>\n \t<li><span style=\"font-family: helvetica, arial, sans-serif; font-size: 12pt; color: #333333;\">Mot\u00edn y huelgas.<\/span><\/li>\n \t<li><span style=\"font-family: helvetica, arial, sans-serif; font-size: 12pt; color: #333333;\">Conmoci\u00f3n civil.<\/span><\/li>\n \t<li><span style=\"font-family: helvetica, arial, sans-serif; font-size: 12pt; color: #333333;\">Da\u00f1os maliciosos.<\/span><\/li>\n \t<li><span style=\"font-family: helvetica, arial, sans-serif; font-size: 12pt; color: #333333;\">Interrupci\u00f3n de negocios.<\/span><\/li>\n<\/ul>\n<\/div><\/td>\n<\/tr>\n<\/tbody>\n<\/table>\n<\/td>\n<\/tr>\n<\/tbody>\n<\/table>\t\t\t\t\t\t\t\t<\/div>\n\t\t\t\t<\/div>\n\t\t\t\t\t<\/div>\n\t\t<\/div>\n\t\t\t\t\t<\/div>\n\t\t<\/section>\n\t\t\t\t<\/div>\n\t\t<\/body>","protected":false},"excerpt":{"rendered":"<p>En el seguro contra incendios el asegurador se obliga, dentro de los l\u00edmites establecidos en la ley y en la p\u00f3liza, a [&hellip;]<\/p>\n","protected":false},"author":1,"featured_media":0,"parent":0,"menu_order":0,"comment_status":"closed","ping_status":"closed","template":"","meta":{"footnotes":""},"class_list":["post-58","page","type-page","status-publish","hentry"],"_links":{"self":[{"href":"https:\/\/pasosegurocs.com\/index.php?rest_route=\/wp\/v2\/pages\/58","targetHints":{"allow":["GET"]}}],"collection":[{"href":"https:\/\/pasosegurocs.com\/index.php?rest_route=\/wp\/v2\/pages"}],"about":[{"href":"https:\/\/pasosegurocs.com\/index.php?rest_route=\/wp\/v2\/types\/page"}],"author":[{"embeddable":true,"href":"https:\/\/pasosegurocs.com\/index.php?rest_route=\/wp\/v2\/users\/1"}],"replies":[{"embeddable":true,"href":"https:\/\/pasosegurocs.com\/index.php?rest_route=%2Fwp%2Fv2%2Fcomments&post=58"}],"version-history":[{"count":5,"href":"https:\/\/pasosegurocs.com\/index.php?rest_route=\/wp\/v2\/pages\/58\/revisions"}],"predecessor-version":[{"id":776,"href":"https:\/\/pasosegurocs.com\/index.php?rest_route=\/wp\/v2\/pages\/58\/revisions\/776"}],"wp:attachment":[{"href":"https:\/\/pasosegurocs.com\/index.php?rest_route=%2Fwp%2Fv2%2Fmedia&parent=58"}],"curies":[{"name":"wp","href":"https:\/\/api.w.org\/{rel}","templated":true}]}}